{"id":8174,"date":"2026-01-29T16:54:59","date_gmt":"2026-01-29T15:54:59","guid":{"rendered":"https:\/\/agricolakamuk.com\/?page_id=8174"},"modified":"2026-03-31T22:20:05","modified_gmt":"2026-03-31T20:20:05","slug":"frescos","status":"publish","type":"page","link":"https:\/\/agricolakamuk.com\/en\/frescos\/","title":{"rendered":"Fresh Produce"},"content":{"rendered":"<div data-elementor-type=\"wp-page\" data-elementor-id=\"8174\" class=\"elementor elementor-8174\">\n\t\t\t\t\t\t<section class=\"elementor-section elementor-top-section elementor-element elementor-element-187d935 elementor-section-content-middle elementor-section-boxed elementor-section-height-default elementor-section-height-default\" data-id=\"187d935\" data-element_type=\"section\" data-e-type=\"section\" data-settings=\"{&quot;background_background&quot;:&quot;gradient&quot;}\">\n\t\t\t\t\t\t<div class=\"elementor-container elementor-column-gap-default\">\n\t\t\t\t\t<div class=\"elementor-column elementor-col-100 elementor-top-column elementor-element elementor-element-da3ad45\" data-id=\"da3ad45\" data-element_type=\"column\" data-e-type=\"column\">\n\t\t\t<div class=\"elementor-widget-wrap elementor-element-populated\">\n\t\t\t\t\t\t<div class=\"elementor-element elementor-element-8afe352 elementor-widget elementor-widget-hub_fancy_heading\" data-id=\"8afe352\" data-element_type=\"widget\" data-e-type=\"widget\" data-widget_type=\"hub_fancy_heading.default\">\n\t\t\t\t<div class=\"elementor-widget-container\">\n\t\t\t\t\t\n\t\t<div id=\"ld-fancy-heading-69e1a75b9806d\" class=\"ld-fancy-heading pos-rel\">\n\t\t\t<h1 class=\"ld-fh-element d-inline-block pos-rel  elementor-heading-title lqd-highlight-classic lqd-highlight-grow-left h1\"  > Fresh Produce<\/h1>\t\t<\/div>\n\n\t\t\t\t\t\t<\/div>\n\t\t\t\t<\/div>\n\t\t\t\t<div class=\"elementor-element elementor-element-f0578b1 elementor-widget elementor-widget-hub_fancy_heading\" data-id=\"f0578b1\" data-element_type=\"widget\" data-e-type=\"widget\" data-widget_type=\"hub_fancy_heading.default\">\n\t\t\t\t<div class=\"elementor-widget-container\">\n\t\t\t\t\t\n\t\t<div id=\"ld-fancy-heading-69e1a75b988e1\" class=\"ld-fancy-heading pos-rel\">\n\t\t\t<h2 class=\"ld-fh-element d-inline-block pos-rel  elementor-heading-title lqd-highlight-classic lqd-highlight-grow-left h2\"  > Agr\u00edcola Kamuk m\u00e1s de 20 a\u00f1os cultivando experiencia, calidad y relaciones duraderas.\n<\/h2>\t\t<\/div>\n\n\t\t\t\t\t\t<\/div>\n\t\t\t\t<\/div>\n\t\t\t\t\t<\/div>\n\t\t<\/div>\n\t\t\t\t\t<\/div>\n\t\t<\/section>\n\t\t<div class=\"elementor-element elementor-element-0a1a67c e-flex e-con-boxed e-con e-parent\" data-id=\"0a1a67c\" data-element_type=\"container\" data-e-type=\"container\">\n\t\t\t\t\t<div class=\"e-con-inner\">\n\t\t<div class=\"elementor-element elementor-element-b77e8b1 e-con-full e-flex e-con e-child\" data-id=\"b77e8b1\" data-element_type=\"container\" data-e-type=\"container\">\n\t\t<div class=\"elementor-element elementor-element-dc43c38 e-con-full e-flex e-con e-child\" data-id=\"dc43c38\" data-element_type=\"container\" data-e-type=\"container\">\n\t\t\t\t<div class=\"elementor-element elementor-element-813feab elementor-widget elementor-widget-image\" data-id=\"813feab\" data-element_type=\"widget\" data-e-type=\"widget\" data-widget_type=\"image.default\">\n\t\t\t\t\t\t\t\t\t\t\t\t\t\t\t<img fetchpriority=\"high\" decoding=\"async\" width=\"471\" height=\"468\" src=\"https:\/\/agricolakamuk.com\/wp-content\/uploads\/2018\/08\/avocado-.png\" class=\"attachment-large size-large wp-image-8378\" alt=\"\" srcset=\"https:\/\/agricolakamuk.com\/wp-content\/uploads\/2018\/08\/avocado-.png 471w, https:\/\/agricolakamuk.com\/wp-content\/uploads\/2018\/08\/avocado--300x298.png 300w, https:\/\/agricolakamuk.com\/wp-content\/uploads\/2018\/08\/avocado--150x150.png 150w, https:\/\/agricolakamuk.com\/wp-content\/uploads\/2018\/08\/avocado--12x12.png 12w\" sizes=\"(max-width: 471px) 100vw, 471px\" \/>\t\t\t\t\t\t\t\t\t\t\t\t\t\t\t<\/div>\n\t\t\t\t<div class=\"elementor-element elementor-element-4de02aa elementor-widget elementor-widget-heading\" data-id=\"4de02aa\" data-element_type=\"widget\" data-e-type=\"widget\" data-widget_type=\"heading.default\">\n\t\t\t\t\t<h5 class=\"elementor-heading-title elementor-size-default\">Avocado<\/h5>\t\t\t\t<\/div>\n\t\t\t\t<div class=\"elementor-element elementor-element-88e3ac8 elementor-widget elementor-widget-text-editor\" data-id=\"88e3ac8\" data-element_type=\"widget\" data-e-type=\"widget\" data-widget_type=\"text-editor.default\">\n\t\t\t\t\t\t\t\t\t<p><span style=\"font-weight: 400;\">Export-quality avocados cultivated in Peru under certified processes and selected for international markets.<\/span><\/p>\t\t\t\t\t\t\t\t<\/div>\n\t\t\t\t<div class=\"elementor-element elementor-element-c631471 elementor-align-center elementor-widget elementor-widget-ld_button\" data-id=\"c631471\" data-element_type=\"widget\" data-e-type=\"widget\" data-widget_type=\"ld_button.default\">\n\t\t\t\t<div class=\"elementor-widget-container\">\n\t\t\t\t\t\n\t\t\t<a\n\t\t\t\thref=\"https:\/\/agricolakamuk.com\/en\/desarrollo\/portfolio\/avocado\/\"class=\"elementor-button btn btn-solid btn-lg btn-icon-left btn-has-label\"\t\t\t>\n\t\t\t\t\t\t\t\t\t<span data-text=\"View Specifications\" class=\"btn-txt\">\n\t\t\t\t\t\tView Specifications\t\t\t\t\t<\/span>\n\t\t\t\t\t\t\t\t\t\t\t\t\t\t<span class=\"btn-icon\">\n\t\t\t\t\t\t\t\t\t\t\t\t\t<\/span>\n\t\t\t\t\t\t\t\t\t<\/a>\n\t\t\t\t\t\t\t<\/div>\n\t\t\t\t<\/div>\n\t\t\t\t<\/div>\n\t\t<div class=\"elementor-element elementor-element-6987255 e-con-full e-flex e-con e-child\" data-id=\"6987255\" data-element_type=\"container\" data-e-type=\"container\">\n\t\t\t\t<div class=\"elementor-element elementor-element-24894b0 elementor-widget elementor-widget-image\" data-id=\"24894b0\" data-element_type=\"widget\" data-e-type=\"widget\" data-widget_type=\"image.default\">\n\t\t\t\t\t\t\t\t\t\t\t\t\t\t\t<img decoding=\"async\" width=\"458\" height=\"458\" src=\"data:image\/svg+xml;charset=utf-8,%3Csvg xmlns%3D&#039;http%3A%2F%2Fwww.w3.org%2F2000%2Fsvg&#039; viewBox%3D&#039;0 0 458 458&#039;%2F%3E\" class=\"attachment-large size-large wp-image-8404 ld-lazyload\" alt=\"\" data-src=\"https:\/\/agricolakamuk.com\/wp-content\/uploads\/2026\/03\/uvademesa-.png\" data-srcset=\"https:\/\/agricolakamuk.com\/wp-content\/uploads\/2026\/03\/uvademesa-.png 458w, https:\/\/agricolakamuk.com\/wp-content\/uploads\/2026\/03\/uvademesa--300x300.png 300w, https:\/\/agricolakamuk.com\/wp-content\/uploads\/2026\/03\/uvademesa--150x150.png 150w, https:\/\/agricolakamuk.com\/wp-content\/uploads\/2026\/03\/uvademesa--320x320.png 320w, https:\/\/agricolakamuk.com\/wp-content\/uploads\/2026\/03\/uvademesa--12x12.png 12w\" data-sizes=\"(max-width: 458px) 100vw, 458px\" data-aspect=\"1\" \/>\t\t\t\t\t\t\t\t\t\t\t\t\t\t\t<\/div>\n\t\t\t\t<div class=\"elementor-element elementor-element-1c3808c elementor-widget elementor-widget-heading\" data-id=\"1c3808c\" data-element_type=\"widget\" data-e-type=\"widget\" data-widget_type=\"heading.default\">\n\t\t\t\t\t<h5 class=\"elementor-heading-title elementor-size-default\">Grapes<\/h5>\t\t\t\t<\/div>\n\t\t\t\t<div class=\"elementor-element elementor-element-f1c397f elementor-widget elementor-widget-text-editor\" data-id=\"f1c397f\" data-element_type=\"widget\" data-e-type=\"widget\" data-widget_type=\"text-editor.default\">\n\t\t\t\t\t\t\t\t\t<p><span style=\"font-weight: 400;\">Selected table grapes grown for international markets.<\/span><\/p>\t\t\t\t\t\t\t\t<\/div>\n\t\t\t\t<div class=\"elementor-element elementor-element-f739d23 elementor-align-center elementor-widget elementor-widget-ld_button\" data-id=\"f739d23\" data-element_type=\"widget\" data-e-type=\"widget\" data-widget_type=\"ld_button.default\">\n\t\t\t\t<div class=\"elementor-widget-container\">\n\t\t\t\t\t\n\t\t\t<a\n\t\t\t\thref=\"https:\/\/agricolakamuk.com\/en\/desarrollo\/portfolio\/uva-de-mesa\/\"class=\"elementor-button btn btn-solid btn-lg btn-icon-left btn-has-label\"\t\t\t>\n\t\t\t\t\t\t\t\t\t<span data-text=\"View Specifications\" class=\"btn-txt\">\n\t\t\t\t\t\tView Specifications\t\t\t\t\t<\/span>\n\t\t\t\t\t\t\t\t\t\t\t\t\t\t<span class=\"btn-icon\">\n\t\t\t\t\t\t\t\t\t\t\t\t\t<\/span>\n\t\t\t\t\t\t\t\t\t<\/a>\n\t\t\t\t\t\t\t<\/div>\n\t\t\t\t<\/div>\n\t\t\t\t<\/div>\n\t\t<div class=\"elementor-element elementor-element-c371c4a e-con-full e-flex e-con e-child\" data-id=\"c371c4a\" data-element_type=\"container\" data-e-type=\"container\">\n\t\t\t\t<div class=\"elementor-element elementor-element-ca84340 elementor-widget elementor-widget-image\" data-id=\"ca84340\" data-element_type=\"widget\" data-e-type=\"widget\" data-widget_type=\"image.default\">\n\t\t\t\t\t\t\t\t\t\t\t\t\t\t\t<img decoding=\"async\" width=\"560\" height=\"563\" src=\"data:image\/svg+xml;charset=utf-8,%3Csvg xmlns%3D&#039;http%3A%2F%2Fwww.w3.org%2F2000%2Fsvg&#039; viewBox%3D&#039;0 0 560 563&#039;%2F%3E\" class=\"attachment-large size-large wp-image-8387 ld-lazyload\" alt=\"\" data-src=\"https:\/\/agricolakamuk.com\/wp-content\/uploads\/2026\/03\/granada-.png\" data-srcset=\"https:\/\/agricolakamuk.com\/wp-content\/uploads\/2026\/03\/granada-.png 560w, https:\/\/agricolakamuk.com\/wp-content\/uploads\/2026\/03\/granada--298x300.png 298w, https:\/\/agricolakamuk.com\/wp-content\/uploads\/2026\/03\/granada--150x150.png 150w, https:\/\/agricolakamuk.com\/wp-content\/uploads\/2026\/03\/granada--12x12.png 12w\" data-sizes=\"(max-width: 560px) 100vw, 560px\" data-aspect=\"0.99467140319716\" \/>\t\t\t\t\t\t\t\t\t\t\t\t\t\t\t<\/div>\n\t\t\t\t<div class=\"elementor-element elementor-element-60840c3 elementor-widget elementor-widget-heading\" data-id=\"60840c3\" data-element_type=\"widget\" data-e-type=\"widget\" data-widget_type=\"heading.default\">\n\t\t\t\t\t<h5 class=\"elementor-heading-title elementor-size-default\">Pomegranate<\/h5>\t\t\t\t<\/div>\n\t\t\t\t<div class=\"elementor-element elementor-element-0f66009 elementor-widget elementor-widget-text-editor\" data-id=\"0f66009\" data-element_type=\"widget\" data-e-type=\"widget\" data-widget_type=\"text-editor.default\">\n\t\t\t\t\t\t\t\t\t<p><span style=\"font-weight: 400;\">Premium pomegranates cultivated with export compliance standards.<\/span><\/p>\t\t\t\t\t\t\t\t<\/div>\n\t\t\t\t<div class=\"elementor-element elementor-element-dc5d4f6 elementor-align-center elementor-widget elementor-widget-ld_button\" data-id=\"dc5d4f6\" data-element_type=\"widget\" data-e-type=\"widget\" data-widget_type=\"ld_button.default\">\n\t\t\t\t<div class=\"elementor-widget-container\">\n\t\t\t\t\t\n\t\t\t<a\n\t\t\t\thref=\"https:\/\/agricolakamuk.com\/en\/desarrollo\/portfolio\/granada\/\"class=\"elementor-button btn btn-solid btn-lg btn-icon-left btn-has-label\"\t\t\t>\n\t\t\t\t\t\t\t\t\t<span data-text=\"View Specifications\" class=\"btn-txt\">\n\t\t\t\t\t\tView Specifications\t\t\t\t\t<\/span>\n\t\t\t\t\t\t\t\t\t\t\t\t\t\t<span class=\"btn-icon\">\n\t\t\t\t\t\t\t\t\t\t\t\t\t<\/span>\n\t\t\t\t\t\t\t\t\t<\/a>\n\t\t\t\t\t\t\t<\/div>\n\t\t\t\t<\/div>\n\t\t\t\t<\/div>\n\t\t<div class=\"elementor-element elementor-element-159dc17 e-con-full e-flex e-con e-child\" data-id=\"159dc17\" data-element_type=\"container\" data-e-type=\"container\">\n\t\t\t\t<div class=\"elementor-element elementor-element-b75f570 elementor-widget elementor-widget-image\" data-id=\"b75f570\" data-element_type=\"widget\" data-e-type=\"widget\" data-widget_type=\"image.default\">\n\t\t\t\t\t\t\t\t\t\t\t\t\t\t\t<img loading=\"lazy\" decoding=\"async\" width=\"469\" height=\"469\" src=\"data:image\/svg+xml;charset=utf-8,%3Csvg xmlns%3D&#039;http%3A%2F%2Fwww.w3.org%2F2000%2Fsvg&#039; viewBox%3D&#039;0 0 469 469&#039;%2F%3E\" class=\"attachment-large size-large wp-image-8412 ld-lazyload\" alt=\"\" data-src=\"https:\/\/agricolakamuk.com\/wp-content\/uploads\/2026\/03\/mandarina.png\" data-srcset=\"https:\/\/agricolakamuk.com\/wp-content\/uploads\/2026\/03\/mandarina.png 469w, https:\/\/agricolakamuk.com\/wp-content\/uploads\/2026\/03\/mandarina-300x300.png 300w, https:\/\/agricolakamuk.com\/wp-content\/uploads\/2026\/03\/mandarina-150x150.png 150w, https:\/\/agricolakamuk.com\/wp-content\/uploads\/2026\/03\/mandarina-320x320.png 320w, https:\/\/agricolakamuk.com\/wp-content\/uploads\/2026\/03\/mandarina-12x12.png 12w\" data-sizes=\"(max-width: 469px) 100vw, 469px\" data-aspect=\"1\" \/>\t\t\t\t\t\t\t\t\t\t\t\t\t\t\t<\/div>\n\t\t\t\t<div class=\"elementor-element elementor-element-cd25f8a elementor-widget elementor-widget-heading\" data-id=\"cd25f8a\" data-element_type=\"widget\" data-e-type=\"widget\" data-widget_type=\"heading.default\">\n\t\t\t\t\t<h5 class=\"elementor-heading-title elementor-size-default\">Mandarin<\/h5>\t\t\t\t<\/div>\n\t\t\t\t<div class=\"elementor-element elementor-element-031acbd elementor-widget elementor-widget-text-editor\" data-id=\"031acbd\" data-element_type=\"widget\" data-e-type=\"widget\" data-widget_type=\"text-editor.default\">\n\t\t\t\t\t\t\t\t\t<p><span style=\"font-weight: 400;\">High-quality mandarins adapted to international distribution.<\/span><\/p>\t\t\t\t\t\t\t\t<\/div>\n\t\t\t\t<div class=\"elementor-element elementor-element-1ac1580 elementor-align-center elementor-widget elementor-widget-ld_button\" data-id=\"1ac1580\" data-element_type=\"widget\" data-e-type=\"widget\" data-widget_type=\"ld_button.default\">\n\t\t\t\t<div class=\"elementor-widget-container\">\n\t\t\t\t\t\n\t\t\t<a\n\t\t\t\thref=\"https:\/\/agricolakamuk.com\/en\/desarrollo\/portfolio\/mandarina\/\"class=\"elementor-button btn btn-solid btn-lg btn-icon-left btn-has-label\"\t\t\t>\n\t\t\t\t\t\t\t\t\t<span data-text=\"View Specifications\" class=\"btn-txt\">\n\t\t\t\t\t\tView Specifications\t\t\t\t\t<\/span>\n\t\t\t\t\t\t\t\t\t\t\t\t\t\t<span class=\"btn-icon\">\n\t\t\t\t\t\t\t\t\t\t\t\t\t<\/span>\n\t\t\t\t\t\t\t\t\t<\/a>\n\t\t\t\t\t\t\t<\/div>\n\t\t\t\t<\/div>\n\t\t\t\t<\/div>\n\t\t\t\t<\/div>\n\t\t\t\t\t<\/div>\n\t\t\t\t<\/div>\n\t\t\t\t<\/div>","protected":false},"excerpt":{"rendered":"<p>Frescos Agr\u00edcola Kamuk m\u00e1s de 20 a\u00f1os cultivando experiencia, calidad y relaciones duraderas. Avocado Export-quality avocados cultivated under controlled production. View Specifications Grapes Selected table grapes grown for international markets. View Specifications Pomegranate Premium pomegranates cultivated with export compliance standards. View Specifications Mandarin High-quality mandarins adapted to international distribution. View Specifications<\/p>","protected":false},"author":1,"featured_media":0,"parent":0,"menu_order":0,"comment_status":"closed","ping_status":"closed","template":"","meta":{"footnotes":""},"class_list":["post-8174","page","type-page","status-publish","hentry"],"_links":{"self":[{"href":"https:\/\/agricolakamuk.com\/en\/wp-json\/wp\/v2\/pages\/8174","targetHints":{"allow":["GET"]}}],"collection":[{"href":"https:\/\/agricolakamuk.com\/en\/wp-json\/wp\/v2\/pages"}],"about":[{"href":"https:\/\/agricolakamuk.com\/en\/wp-json\/wp\/v2\/types\/page"}],"author":[{"embeddable":true,"href":"https:\/\/agricolakamuk.com\/en\/wp-json\/wp\/v2\/users\/1"}],"replies":[{"embeddable":true,"href":"https:\/\/agricolakamuk.com\/en\/wp-json\/wp\/v2\/comments?post=8174"}],"version-history":[{"count":7,"href":"https:\/\/agricolakamuk.com\/en\/wp-json\/wp\/v2\/pages\/8174\/revisions"}],"predecessor-version":[{"id":8469,"href":"https:\/\/agricolakamuk.com\/en\/wp-json\/wp\/v2\/pages\/8174\/revisions\/8469"}],"wp:attachment":[{"href":"https:\/\/agricolakamuk.com\/en\/wp-json\/wp\/v2\/media?parent=8174"}],"curies":[{"name":"wp","href":"https:\/\/api.w.org\/{rel}","templated":true}]}}